{"id":20572,"date":"2025-12-10T15:55:14","date_gmt":"2025-12-10T13:55:14","guid":{"rendered":"https:\/\/stemma.lineweb.gr\/?post_type=product&#038;p=20572"},"modified":"2026-02-03T22:28:32","modified_gmt":"2026-02-03T20:28:32","slug":"xerjoff-louis-xv-1722-rose","status":"publish","type":"product","link":"https:\/\/stemmacosmetics.gr\/en\/shop\/perfumes\/unisex\/xerjoff-louis-xv-1722-rose\/","title":{"rendered":"Xerjoff | Louis XV 1722 Ros\u00e9"},"content":{"rendered":"<h6 style=\"text-align: center;\"><a href=\"https:\/\/stemmacosmetics.gr\/en\/\u03bc\u03ac\u03c1\u03ba\u03b1\/xerjoff\/\">Xerjoff | Louis XV 1722 Ros\u00e9 Eau de Parfum 50ml<\/a><\/h6>\n<p data-start=\"211\" data-end=\"526\">Two high art forms meet again in Xerjoff's new creation, born out of a collaboration with the historic champagne house Maison de Venoge. The exquisite de Venoge Louis XV Ros\u00e9, an exquisite ros\u00e9 blend known for its elegance and refinement, was the inspiration for Louis XV 1722 Ros\u00e9.<\/p>\n<p data-start=\"528\" data-end=\"843\">Like the gardens of Versailles in the first light of dawn, the fragrance exudes brightness and freshness. Its composition, a work of true luxury, reflects the vivacity of champagne through its bright notes and the subtle pink colour of the bottle, embodying its opulence and timeless charm.<\/p>\n<p data-start=\"845\" data-end=\"1337\">The fruity and floral dimension of Louis XV 1722 Ros\u00e9 opens with a heady combination of blackberry, blackcurrant and pear. At the heart, notes of rose, cedar and geranium emerge like bubbles swirling atop a glass of champagne, offering elegance and aromatic harmony. The base completes the composition with the velvety warmth of vanilla, the subtle presence of musk and the slightly woody nuances of amyris.<\/p>\n<p><strong data-start=\"1221\" data-end=\"1232\">Top:<\/strong> Blackcurrant, Blackberry, Blackberry, Pear<br data-start=\"1273\" data-end=\"1276\" \/><strong data-start=\"1276\" data-end=\"1287\">Heart:<\/strong> Geranium , Cedar , Rose<br data-start=\"1318\" data-end=\"1321\" \/><strong data-start=\"1321\" data-end=\"1330\">Base:<\/strong> Musk, Vanilla, Amyris<\/p>","protected":false},"excerpt":{"rendered":"<p data-start=\"1146\" data-end=\"1206\">A fragrance made for those who appreciate the truly exquisite things in life.<\/p>\n<p data-start=\"1208\" data-end=\"1358\">","protected":false},"featured_media":31861,"template":"","meta":[],"product_brand":[714],"product_cat":[114,105,110],"product_tag":[115],"class_list":{"0":"post-20572","1":"product","2":"type-product","3":"status-publish","4":"has-post-thumbnail","6":"product_brand-xerjoff","7":"product_cat-unisex","8":"product_cat-perfumes","9":"product_cat-new-arrivals","10":"product_tag-xerjoff","11":"pa_brands-xerjoff","13":"first","14":"instock","15":"taxable","16":"shipping-taxable","17":"purchasable","18":"product-type-simple"},"yoast_head":"<!-- This site is optimized with the Yoast SEO plugin v27.4 - https:\/\/yoast.com\/product\/yoast-seo-wordpress\/ -->\n<title>Xerjoff | Louis XV 1722 Ros\u00e9 - Stemma Cosmetics<\/title>\n<meta name=\"description\" content=\"\u03a4\u03bf Louis XV 1722 Ros\u00e9 \u03b5\u03af\u03bd\u03b1\u03b9 \u03ad\u03bd\u03b1 \u03b5\u03be\u03b1\u03b9\u03c1\u03b5\u03c4\u03b9\u03ba\u03cc \u03c6\u03c1\u03bf\u03c5\u03c4\u03ce\u03b4\u03b5\u03c2 \u03ac\u03c1\u03c9\u03bc\u03b1, \u03b5\u03bc\u03c0\u03bd\u03b5\u03c5\u03c3\u03bc\u03ad\u03bd\u03bf \u03b1\u03c0\u03cc \u03c4\u03b7\u03bd \u03b5\u03ba\u03bb\u03b5\u03c0\u03c4\u03c5\u03c3\u03bc\u03ad\u03bd\u03b7 \u03c1\u03bf\u03b6 \u03c3\u03b1\u03bc\u03c0\u03ac\u03bd\u03b9\u03b1 \u03c4\u03b7\u03c2 Maison de Venoge.\" \/>\n<meta name=\"robots\" content=\"index, follow, max-snippet:-1, max-image-preview:large, max-video-preview:-1\" \/>\n<link rel=\"canonical\" href=\"https:\/\/stemmacosmetics.gr\/en\/shop\/perfumes\/unisex\/xerjoff-louis-xv-1722-rose\/\" \/>\n<meta property=\"og:locale\" content=\"en_GB\" \/>\n<meta property=\"og:type\" content=\"article\" \/>\n<meta property=\"og:title\" content=\"Xerjoff | Louis XV 1722 Ros\u00e9 - Stemma Cosmetics\" \/>\n<meta property=\"og:description\" content=\"\u03a4\u03bf Louis XV 1722 Ros\u00e9 \u03b5\u03af\u03bd\u03b1\u03b9 \u03ad\u03bd\u03b1 \u03b5\u03be\u03b1\u03b9\u03c1\u03b5\u03c4\u03b9\u03ba\u03cc \u03c6\u03c1\u03bf\u03c5\u03c4\u03ce\u03b4\u03b5\u03c2 \u03ac\u03c1\u03c9\u03bc\u03b1, \u03b5\u03bc\u03c0\u03bd\u03b5\u03c5\u03c3\u03bc\u03ad\u03bd\u03bf \u03b1\u03c0\u03cc \u03c4\u03b7\u03bd \u03b5\u03ba\u03bb\u03b5\u03c0\u03c4\u03c5\u03c3\u03bc\u03ad\u03bd\u03b7 \u03c1\u03bf\u03b6 \u03c3\u03b1\u03bc\u03c0\u03ac\u03bd\u03b9\u03b1 \u03c4\u03b7\u03c2 Maison de Venoge.\" \/>\n<meta property=\"og:url\" content=\"https:\/\/stemmacosmetics.gr\/en\/shop\/perfumes\/unisex\/xerjoff-louis-xv-1722-rose\/\" \/>\n<meta property=\"og:site_name\" content=\"Stemma Cosmetics\" \/>\n<meta property=\"article:publisher\" content=\"https:\/\/www.facebook.com\/stemmacosmetics\/\" \/>\n<meta property=\"article:modified_time\" content=\"2026-02-03T20:28:32+00:00\" \/>\n<meta property=\"og:image\" content=\"https:\/\/stemmacosmetics.gr\/wp-content\/uploads\/2026\/02\/Xerjoff-Louis-XV-1722-Rose.png\" \/>\n\t<meta property=\"og:image:width\" content=\"1000\" \/>\n\t<meta property=\"og:image:height\" content=\"1000\" \/>\n\t<meta property=\"og:image:type\" content=\"image\/png\" \/>\n<meta name=\"twitter:card\" content=\"summary_large_image\" \/>\n<meta name=\"twitter:label1\" content=\"Estimated reading time\" \/>\n\t<meta name=\"twitter:data1\" content=\"2 minutes\" \/>\n<script type=\"application\/ld+json\" class=\"yoast-schema-graph\">{\"@context\":\"https:\\\/\\\/schema.org\",\"@graph\":[{\"@type\":\"WebPage\",\"@id\":\"https:\\\/\\\/stemmacosmetics.gr\\\/shop\\\/perfumes\\\/unisex\\\/xerjoff-louis-xv-1722-rose\\\/\",\"url\":\"https:\\\/\\\/stemmacosmetics.gr\\\/shop\\\/perfumes\\\/unisex\\\/xerjoff-louis-xv-1722-rose\\\/\",\"name\":\"Xerjoff | Louis XV 1722 Ros\u00e9 - Stemma Cosmetics\",\"isPartOf\":{\"@id\":\"https:\\\/\\\/stemmacosmetics.gr\\\/#website\"},\"primaryImageOfPage\":{\"@id\":\"https:\\\/\\\/stemmacosmetics.gr\\\/shop\\\/perfumes\\\/unisex\\\/xerjoff-louis-xv-1722-rose\\\/#primaryimage\"},\"image\":{\"@id\":\"https:\\\/\\\/stemmacosmetics.gr\\\/shop\\\/perfumes\\\/unisex\\\/xerjoff-louis-xv-1722-rose\\\/#primaryimage\"},\"thumbnailUrl\":\"https:\\\/\\\/stemmacosmetics.gr\\\/wp-content\\\/uploads\\\/2026\\\/02\\\/Xerjoff-Louis-XV-1722-Rose.png\",\"datePublished\":\"2025-12-10T13:55:14+00:00\",\"dateModified\":\"2026-02-03T20:28:32+00:00\",\"description\":\"\u03a4\u03bf Louis XV 1722 Ros\u00e9 \u03b5\u03af\u03bd\u03b1\u03b9 \u03ad\u03bd\u03b1 \u03b5\u03be\u03b1\u03b9\u03c1\u03b5\u03c4\u03b9\u03ba\u03cc \u03c6\u03c1\u03bf\u03c5\u03c4\u03ce\u03b4\u03b5\u03c2 \u03ac\u03c1\u03c9\u03bc\u03b1, \u03b5\u03bc\u03c0\u03bd\u03b5\u03c5\u03c3\u03bc\u03ad\u03bd\u03bf \u03b1\u03c0\u03cc \u03c4\u03b7\u03bd \u03b5\u03ba\u03bb\u03b5\u03c0\u03c4\u03c5\u03c3\u03bc\u03ad\u03bd\u03b7 \u03c1\u03bf\u03b6 \u03c3\u03b1\u03bc\u03c0\u03ac\u03bd\u03b9\u03b1 \u03c4\u03b7\u03c2 Maison de Venoge.\",\"breadcrumb\":{\"@id\":\"https:\\\/\\\/stemmacosmetics.gr\\\/shop\\\/perfumes\\\/unisex\\\/xerjoff-louis-xv-1722-rose\\\/#breadcrumb\"},\"inLanguage\":\"en-GB\",\"potentialAction\":[{\"@type\":\"ReadAction\",\"target\":[\"https:\\\/\\\/stemmacosmetics.gr\\\/shop\\\/perfumes\\\/unisex\\\/xerjoff-louis-xv-1722-rose\\\/\"]}]},{\"@type\":\"ImageObject\",\"inLanguage\":\"en-GB\",\"@id\":\"https:\\\/\\\/stemmacosmetics.gr\\\/shop\\\/perfumes\\\/unisex\\\/xerjoff-louis-xv-1722-rose\\\/#primaryimage\",\"url\":\"https:\\\/\\\/stemmacosmetics.gr\\\/wp-content\\\/uploads\\\/2026\\\/02\\\/Xerjoff-Louis-XV-1722-Rose.png\",\"contentUrl\":\"https:\\\/\\\/stemmacosmetics.gr\\\/wp-content\\\/uploads\\\/2026\\\/02\\\/Xerjoff-Louis-XV-1722-Rose.png\",\"width\":1000,\"height\":1000,\"caption\":\"Xerjoff Louis XV 1722 Ros\u00e9\"},{\"@type\":\"BreadcrumbList\",\"@id\":\"https:\\\/\\\/stemmacosmetics.gr\\\/shop\\\/perfumes\\\/unisex\\\/xerjoff-louis-xv-1722-rose\\\/#breadcrumb\",\"itemListElement\":[{\"@type\":\"ListItem\",\"position\":1,\"name\":\"Home\",\"item\":\"https:\\\/\\\/stemmacosmetics.gr\\\/\"},{\"@type\":\"ListItem\",\"position\":2,\"name\":\"Shop\",\"item\":\"https:\\\/\\\/stemmacosmetics.gr\\\/en\\\/shop\\\/\"},{\"@type\":\"ListItem\",\"position\":3,\"name\":\"Xerjoff | Louis XV 1722 Ros\u00e9\"}]},{\"@type\":\"WebSite\",\"@id\":\"https:\\\/\\\/stemmacosmetics.gr\\\/#website\",\"url\":\"https:\\\/\\\/stemmacosmetics.gr\\\/\",\"name\":\"Stemma Cosmetics\",\"description\":\"Seduce your senses\",\"publisher\":{\"@id\":\"https:\\\/\\\/stemmacosmetics.gr\\\/#organization\"},\"potentialAction\":[{\"@type\":\"SearchAction\",\"target\":{\"@type\":\"EntryPoint\",\"urlTemplate\":\"https:\\\/\\\/stemmacosmetics.gr\\\/?s={search_term_string}\"},\"query-input\":{\"@type\":\"PropertyValueSpecification\",\"valueRequired\":true,\"valueName\":\"search_term_string\"}}],\"inLanguage\":\"en-GB\"},{\"@type\":\"Organization\",\"@id\":\"https:\\\/\\\/stemmacosmetics.gr\\\/#organization\",\"name\":\"Stemma Cosmetics\",\"url\":\"https:\\\/\\\/stemmacosmetics.gr\\\/\",\"logo\":{\"@type\":\"ImageObject\",\"inLanguage\":\"en-GB\",\"@id\":\"https:\\\/\\\/stemmacosmetics.gr\\\/#\\\/schema\\\/logo\\\/image\\\/\",\"url\":\"https:\\\/\\\/stemmacosmetics.gr\\\/wp-content\\\/uploads\\\/2025\\\/04\\\/cropped-Artboard-2@4x-2-2.png\",\"contentUrl\":\"https:\\\/\\\/stemmacosmetics.gr\\\/wp-content\\\/uploads\\\/2025\\\/04\\\/cropped-Artboard-2@4x-2-2.png\",\"width\":512,\"height\":512,\"caption\":\"Stemma Cosmetics\"},\"image\":{\"@id\":\"https:\\\/\\\/stemmacosmetics.gr\\\/#\\\/schema\\\/logo\\\/image\\\/\"},\"sameAs\":[\"https:\\\/\\\/www.facebook.com\\\/stemmacosmetics\\\/\"]}]}<\/script>\n<!-- \/ Yoast SEO plugin. -->","yoast_head_json":{"title":"Xerjoff | Louis XV 1722 Ros\u00e9 - Stemma Cosmetics","description":"\u03a4\u03bf Louis XV 1722 Ros\u00e9 \u03b5\u03af\u03bd\u03b1\u03b9 \u03ad\u03bd\u03b1 \u03b5\u03be\u03b1\u03b9\u03c1\u03b5\u03c4\u03b9\u03ba\u03cc \u03c6\u03c1\u03bf\u03c5\u03c4\u03ce\u03b4\u03b5\u03c2 \u03ac\u03c1\u03c9\u03bc\u03b1, \u03b5\u03bc\u03c0\u03bd\u03b5\u03c5\u03c3\u03bc\u03ad\u03bd\u03bf \u03b1\u03c0\u03cc \u03c4\u03b7\u03bd \u03b5\u03ba\u03bb\u03b5\u03c0\u03c4\u03c5\u03c3\u03bc\u03ad\u03bd\u03b7 \u03c1\u03bf\u03b6 \u03c3\u03b1\u03bc\u03c0\u03ac\u03bd\u03b9\u03b1 \u03c4\u03b7\u03c2 Maison de Venoge.","robots":{"index":"index","follow":"follow","max-snippet":"max-snippet:-1","max-image-preview":"max-image-preview:large","max-video-preview":"max-video-preview:-1"},"canonical":"https:\/\/stemmacosmetics.gr\/en\/shop\/perfumes\/unisex\/xerjoff-louis-xv-1722-rose\/","og_locale":"en_GB","og_type":"article","og_title":"Xerjoff | Louis XV 1722 Ros\u00e9 - Stemma Cosmetics","og_description":"\u03a4\u03bf Louis XV 1722 Ros\u00e9 \u03b5\u03af\u03bd\u03b1\u03b9 \u03ad\u03bd\u03b1 \u03b5\u03be\u03b1\u03b9\u03c1\u03b5\u03c4\u03b9\u03ba\u03cc \u03c6\u03c1\u03bf\u03c5\u03c4\u03ce\u03b4\u03b5\u03c2 \u03ac\u03c1\u03c9\u03bc\u03b1, \u03b5\u03bc\u03c0\u03bd\u03b5\u03c5\u03c3\u03bc\u03ad\u03bd\u03bf \u03b1\u03c0\u03cc \u03c4\u03b7\u03bd \u03b5\u03ba\u03bb\u03b5\u03c0\u03c4\u03c5\u03c3\u03bc\u03ad\u03bd\u03b7 \u03c1\u03bf\u03b6 \u03c3\u03b1\u03bc\u03c0\u03ac\u03bd\u03b9\u03b1 \u03c4\u03b7\u03c2 Maison de Venoge.","og_url":"https:\/\/stemmacosmetics.gr\/en\/shop\/perfumes\/unisex\/xerjoff-louis-xv-1722-rose\/","og_site_name":"Stemma Cosmetics","article_publisher":"https:\/\/www.facebook.com\/stemmacosmetics\/","article_modified_time":"2026-02-03T20:28:32+00:00","og_image":[{"width":1000,"height":1000,"url":"https:\/\/stemmacosmetics.gr\/wp-content\/uploads\/2026\/02\/Xerjoff-Louis-XV-1722-Rose.png","type":"image\/png"}],"twitter_card":"summary_large_image","twitter_misc":{"Estimated reading time":"2 minutes"},"schema":{"@context":"https:\/\/schema.org","@graph":[{"@type":"WebPage","@id":"https:\/\/stemmacosmetics.gr\/shop\/perfumes\/unisex\/xerjoff-louis-xv-1722-rose\/","url":"https:\/\/stemmacosmetics.gr\/shop\/perfumes\/unisex\/xerjoff-louis-xv-1722-rose\/","name":"Xerjoff | Louis XV 1722 Ros\u00e9 - Stemma Cosmetics","isPartOf":{"@id":"https:\/\/stemmacosmetics.gr\/#website"},"primaryImageOfPage":{"@id":"https:\/\/stemmacosmetics.gr\/shop\/perfumes\/unisex\/xerjoff-louis-xv-1722-rose\/#primaryimage"},"image":{"@id":"https:\/\/stemmacosmetics.gr\/shop\/perfumes\/unisex\/xerjoff-louis-xv-1722-rose\/#primaryimage"},"thumbnailUrl":"https:\/\/stemmacosmetics.gr\/wp-content\/uploads\/2026\/02\/Xerjoff-Louis-XV-1722-Rose.png","datePublished":"2025-12-10T13:55:14+00:00","dateModified":"2026-02-03T20:28:32+00:00","description":"\u03a4\u03bf Louis XV 1722 Ros\u00e9 \u03b5\u03af\u03bd\u03b1\u03b9 \u03ad\u03bd\u03b1 \u03b5\u03be\u03b1\u03b9\u03c1\u03b5\u03c4\u03b9\u03ba\u03cc \u03c6\u03c1\u03bf\u03c5\u03c4\u03ce\u03b4\u03b5\u03c2 \u03ac\u03c1\u03c9\u03bc\u03b1, \u03b5\u03bc\u03c0\u03bd\u03b5\u03c5\u03c3\u03bc\u03ad\u03bd\u03bf \u03b1\u03c0\u03cc \u03c4\u03b7\u03bd \u03b5\u03ba\u03bb\u03b5\u03c0\u03c4\u03c5\u03c3\u03bc\u03ad\u03bd\u03b7 \u03c1\u03bf\u03b6 \u03c3\u03b1\u03bc\u03c0\u03ac\u03bd\u03b9\u03b1 \u03c4\u03b7\u03c2 Maison de Venoge.","breadcrumb":{"@id":"https:\/\/stemmacosmetics.gr\/shop\/perfumes\/unisex\/xerjoff-louis-xv-1722-rose\/#breadcrumb"},"inLanguage":"en-GB","potentialAction":[{"@type":"ReadAction","target":["https:\/\/stemmacosmetics.gr\/shop\/perfumes\/unisex\/xerjoff-louis-xv-1722-rose\/"]}]},{"@type":"ImageObject","inLanguage":"en-GB","@id":"https:\/\/stemmacosmetics.gr\/shop\/perfumes\/unisex\/xerjoff-louis-xv-1722-rose\/#primaryimage","url":"https:\/\/stemmacosmetics.gr\/wp-content\/uploads\/2026\/02\/Xerjoff-Louis-XV-1722-Rose.png","contentUrl":"https:\/\/stemmacosmetics.gr\/wp-content\/uploads\/2026\/02\/Xerjoff-Louis-XV-1722-Rose.png","width":1000,"height":1000,"caption":"Xerjoff Louis XV 1722 Ros\u00e9"},{"@type":"BreadcrumbList","@id":"https:\/\/stemmacosmetics.gr\/shop\/perfumes\/unisex\/xerjoff-louis-xv-1722-rose\/#breadcrumb","itemListElement":[{"@type":"ListItem","position":1,"name":"Home","item":"https:\/\/stemmacosmetics.gr\/"},{"@type":"ListItem","position":2,"name":"Shop","item":"https:\/\/stemmacosmetics.gr\/en\/shop\/"},{"@type":"ListItem","position":3,"name":"Xerjoff | Louis XV 1722 Ros\u00e9"}]},{"@type":"WebSite","@id":"https:\/\/stemmacosmetics.gr\/#website","url":"https:\/\/stemmacosmetics.gr\/","name":"Stemma Cosmetics","description":"Seduce your senses","publisher":{"@id":"https:\/\/stemmacosmetics.gr\/#organization"},"potentialAction":[{"@type":"SearchAction","target":{"@type":"EntryPoint","urlTemplate":"https:\/\/stemmacosmetics.gr\/?s={search_term_string}"},"query-input":{"@type":"PropertyValueSpecification","valueRequired":true,"valueName":"search_term_string"}}],"inLanguage":"en-GB"},{"@type":"Organization","@id":"https:\/\/stemmacosmetics.gr\/#organization","name":"Stemma Cosmetics","url":"https:\/\/stemmacosmetics.gr\/","logo":{"@type":"ImageObject","inLanguage":"en-GB","@id":"https:\/\/stemmacosmetics.gr\/#\/schema\/logo\/image\/","url":"https:\/\/stemmacosmetics.gr\/wp-content\/uploads\/2025\/04\/cropped-Artboard-2@4x-2-2.png","contentUrl":"https:\/\/stemmacosmetics.gr\/wp-content\/uploads\/2025\/04\/cropped-Artboard-2@4x-2-2.png","width":512,"height":512,"caption":"Stemma Cosmetics"},"image":{"@id":"https:\/\/stemmacosmetics.gr\/#\/schema\/logo\/image\/"},"sameAs":["https:\/\/www.facebook.com\/stemmacosmetics\/"]}]}},"_links":{"self":[{"href":"https:\/\/stemmacosmetics.gr\/en\/wp-json\/wp\/v2\/product\/20572","targetHints":{"allow":["GET"]}}],"collection":[{"href":"https:\/\/stemmacosmetics.gr\/en\/wp-json\/wp\/v2\/product"}],"about":[{"href":"https:\/\/stemmacosmetics.gr\/en\/wp-json\/wp\/v2\/types\/product"}],"version-history":[{"count":1,"href":"https:\/\/stemmacosmetics.gr\/en\/wp-json\/wp\/v2\/product\/20572\/revisions"}],"predecessor-version":[{"id":31865,"href":"https:\/\/stemmacosmetics.gr\/en\/wp-json\/wp\/v2\/product\/20572\/revisions\/31865"}],"wp:featuredmedia":[{"embeddable":true,"href":"https:\/\/stemmacosmetics.gr\/en\/wp-json\/wp\/v2\/media\/31861"}],"wp:attachment":[{"href":"https:\/\/stemmacosmetics.gr\/en\/wp-json\/wp\/v2\/media?parent=20572"}],"wp:term":[{"taxonomy":"product_brand","embeddable":true,"href":"https:\/\/stemmacosmetics.gr\/en\/wp-json\/wp\/v2\/product_brand?post=20572"},{"taxonomy":"product_cat","embeddable":true,"href":"https:\/\/stemmacosmetics.gr\/en\/wp-json\/wp\/v2\/product_cat?post=20572"},{"taxonomy":"product_tag","embeddable":true,"href":"https:\/\/stemmacosmetics.gr\/en\/wp-json\/wp\/v2\/product_tag?post=20572"}],"curies":[{"name":"wp","href":"https:\/\/api.w.org\/{rel}","templated":true}]}}