{"id":17240,"date":"2025-02-17T16:48:24","date_gmt":"2025-02-17T14:48:24","guid":{"rendered":"https:\/\/stemmacosmetics.gr\/?post_type=product&#038;p=17240"},"modified":"2026-04-06T17:37:32","modified_gmt":"2026-04-06T14:37:32","slug":"nishane-discovery-set-21","status":"publish","type":"product","link":"https:\/\/stemmacosmetics.gr\/en\/shop\/perfumes\/unisex\/nishane-discovery-set-21\/","title":{"rendered":"Nishane | Discovery Set 21"},"content":{"rendered":"<p style=\"text-align: center;\"><strong><a href=\"https:\/\/www.stemmacosmetics.gr\/product-brands\/nishane\/\">Nishane<\/a> | Discovery Set 21<\/strong><\/p>\n<div class=\"flex max-w-full flex-col flex-grow\">\n<div class=\"min-h-8 text-message flex w-full flex-col items-end gap-2 whitespace-normal break-words text-start [.text-message+&amp;]:mt-5\" dir=\"auto\" data-message-author-role=\"assistant\" data-message-id=\"16a6aece-aa98-401b-92fa-b68a269c20ad\" data-message-model-slug=\"gpt-4o\">\n<div class=\"flex w-full flex-col gap-1 empty:hidden first:pt-[3px]\">\n<div class=\"markdown prose w-full break-words dark:prose-invert light\">\n<p data-start=\"0\" data-end=\"324\">\u03a0\u03b5\u03c1\u03b9\u03ad\u03c7\u03b5\u03b9 \u03ad\u03bd\u03b1 \u03c6\u03b9\u03b1\u03bb\u03af\u03b4\u03b9\u03bf \u03c4\u03c9\u03bd 2 ml \u03b1\u03c0\u03cc \u03c4\u03b1 \u03b1\u03ba\u03cc\u03bb\u03bf\u03c5\u03b8\u03b1 \u03b1\u03c1\u03ce\u03bc\u03b1\u03c4\u03b1:<br data-start=\"55\" data-end=\"58\" \/>W\u016aL\u00d3NG CH\u00c1 \u2013 AMBRA CALABRIA \u2013 SULTAN VETIVER \u2013 TUBERO\u0301ZA \u2013 PACHULI KOZHA \u2013 AFRIKA-OLIFANT \u2013 FAN YOUR FLAMES \u2013 HUNDRED SILENT WAYS \u2013 B-612 \u2013 VAIN &amp; NAIVE \u2013 ANI \u2013 EGE\/\u0391\u0399\u0393\u0391\u0399\u039f \u2013 HACIVAT \u2013 ZENNE \u2013 KARAGOZ \u2013 COLOGNIS\u00c9 \u2013 SAFRAN COLOGNIS\u00c9 \u2013 UNUTAMAM \u2013 NANSHE \u2013 NEFS \u2013 SHEM<\/p>\n<p data-start=\"326\" data-end=\"384\" data-is-last-node=\"\">\u0391\u03bd\u03b1\u03ba\u03b1\u03bb\u03cd\u03c8\u03c4\u03b5 \u03c4\u03b1 \u03b1\u03c1\u03ce\u03bc\u03b1\u03c4\u03b1 \u03c4\u03b7\u03c2 NISHANE \u03c3\u03b5 \u03ad\u03bd\u03b1 \u03c3\u03b5\u03c4 21 \u03c6\u03b9\u03b1\u03bb\u03b9\u03b4\u03af\u03c9\u03bd.<\/p>\n<\/div>\n<\/div>\n<\/div>\n<\/div>\n","protected":false},"excerpt":{"rendered":"<p>Discover NISHANE fragrances in a set of 21 vials.<\/p>","protected":false},"featured_media":31947,"template":"","meta":[],"product_brand":[722],"product_cat":[843,114,105],"product_tag":[133],"class_list":{"0":"post-17240","1":"product","2":"type-product","3":"status-publish","4":"has-post-thumbnail","6":"product_brand-nishane","7":"product_cat-gift-sets-travel","8":"product_cat-unisex","9":"product_cat-perfumes","10":"product_tag-nishane","12":"first","13":"instock","14":"taxable","15":"shipping-taxable","16":"purchasable","17":"product-type-simple"},"_links":{"self":[{"href":"https:\/\/stemmacosmetics.gr\/en\/wp-json\/wp\/v2\/product\/17240","targetHints":{"allow":["GET"]}}],"collection":[{"href":"https:\/\/stemmacosmetics.gr\/en\/wp-json\/wp\/v2\/product"}],"about":[{"href":"https:\/\/stemmacosmetics.gr\/en\/wp-json\/wp\/v2\/types\/product"}],"version-history":[{"count":1,"href":"https:\/\/stemmacosmetics.gr\/en\/wp-json\/wp\/v2\/product\/17240\/revisions"}],"predecessor-version":[{"id":31431,"href":"https:\/\/stemmacosmetics.gr\/en\/wp-json\/wp\/v2\/product\/17240\/revisions\/31431"}],"wp:featuredmedia":[{"embeddable":true,"href":"https:\/\/stemmacosmetics.gr\/en\/wp-json\/wp\/v2\/media\/31947"}],"wp:attachment":[{"href":"https:\/\/stemmacosmetics.gr\/en\/wp-json\/wp\/v2\/media?parent=17240"}],"wp:term":[{"taxonomy":"product_brand","embeddable":true,"href":"https:\/\/stemmacosmetics.gr\/en\/wp-json\/wp\/v2\/product_brand?post=17240"},{"taxonomy":"product_cat","embeddable":true,"href":"https:\/\/stemmacosmetics.gr\/en\/wp-json\/wp\/v2\/product_cat?post=17240"},{"taxonomy":"product_tag","embeddable":true,"href":"https:\/\/stemmacosmetics.gr\/en\/wp-json\/wp\/v2\/product_tag?post=17240"}],"curies":[{"name":"wp","href":"https:\/\/api.w.org\/{rel}","templated":true}]}}