{"id":17239,"date":"2025-02-17T16:40:25","date_gmt":"2025-02-17T14:40:25","guid":{"rendered":"https:\/\/stemmacosmetics.gr\/?post_type=product&#038;p=17239"},"modified":"2026-04-06T17:37:45","modified_gmt":"2026-04-06T14:37:45","slug":"nishane-discovery-set-12","status":"publish","type":"product","link":"https:\/\/stemmacosmetics.gr\/en\/shop\/perfumes\/unisex\/nishane-discovery-set-12\/","title":{"rendered":"Nishane | Discovery Set 12"},"content":{"rendered":"<p style=\"text-align: center;\"><strong><a href=\"https:\/\/stemmacosmetics.gr\/en\/product-brands\/nishane\/\">Nishane<\/a> | Discovery Set 12<\/strong><\/p>\n<p data-start=\"0\" data-end=\"206\">It contains a 2 ml vial of the following fragrances:<br data-start=\"55\" data-end=\"58\" \/>W\u016aL\u00d3NG CH\u00c1 - B-612 - SULTAN VETIVER - TUBEROZA - FAN YOUR FLAMES - HUNDRED SILENT WAYS - ANI - EGE\/\u0391\u0399\u0393\u0391\u0399\u039f - NANSHE - HACIVAT - KARAGOZ - COLOGNIS\u00c9<\/p>\n<p data-start=\"208\" data-end=\"271\" data-is-last-node=\"\">Discover NISHANE's best-sellers in a set of 12 vials.<\/p>","protected":false},"excerpt":{"rendered":"<p>Discover NISHANE's best-sellers in a set of 12 vials.<\/p>","protected":false},"featured_media":31948,"template":"","meta":[],"product_brand":[722],"product_cat":[843,114,105],"product_tag":[133],"class_list":{"0":"post-17239","1":"product","2":"type-product","3":"status-publish","4":"has-post-thumbnail","6":"product_brand-nishane","7":"product_cat-gift-sets-travel","8":"product_cat-unisex","9":"product_cat-perfumes","10":"product_tag-nishane","12":"first","13":"instock","14":"taxable","15":"shipping-taxable","16":"purchasable","17":"product-type-simple"},"_links":{"self":[{"href":"https:\/\/stemmacosmetics.gr\/en\/wp-json\/wp\/v2\/product\/17239","targetHints":{"allow":["GET"]}}],"collection":[{"href":"https:\/\/stemmacosmetics.gr\/en\/wp-json\/wp\/v2\/product"}],"about":[{"href":"https:\/\/stemmacosmetics.gr\/en\/wp-json\/wp\/v2\/types\/product"}],"version-history":[{"count":1,"href":"https:\/\/stemmacosmetics.gr\/en\/wp-json\/wp\/v2\/product\/17239\/revisions"}],"predecessor-version":[{"id":31429,"href":"https:\/\/stemmacosmetics.gr\/en\/wp-json\/wp\/v2\/product\/17239\/revisions\/31429"}],"wp:featuredmedia":[{"embeddable":true,"href":"https:\/\/stemmacosmetics.gr\/en\/wp-json\/wp\/v2\/media\/31948"}],"wp:attachment":[{"href":"https:\/\/stemmacosmetics.gr\/en\/wp-json\/wp\/v2\/media?parent=17239"}],"wp:term":[{"taxonomy":"product_brand","embeddable":true,"href":"https:\/\/stemmacosmetics.gr\/en\/wp-json\/wp\/v2\/product_brand?post=17239"},{"taxonomy":"product_cat","embeddable":true,"href":"https:\/\/stemmacosmetics.gr\/en\/wp-json\/wp\/v2\/product_cat?post=17239"},{"taxonomy":"product_tag","embeddable":true,"href":"https:\/\/stemmacosmetics.gr\/en\/wp-json\/wp\/v2\/product_tag?post=17239"}],"curies":[{"name":"wp","href":"https:\/\/api.w.org\/{rel}","templated":true}]}}