{"id":17237,"date":"2025-02-15T18:03:03","date_gmt":"2025-02-15T16:03:03","guid":{"rendered":"https:\/\/stemmacosmetics.gr\/?post_type=product&#038;p=17237"},"modified":"2026-04-06T17:38:10","modified_gmt":"2026-04-06T14:38:10","slug":"nishane-discovery-set-x-collection","status":"publish","type":"product","link":"https:\/\/stemmacosmetics.gr\/en\/shop\/perfumes\/unisex\/nishane-discovery-set-x-collection\/","title":{"rendered":"Nishane | Discovery Set X Collection"},"content":{"rendered":"<p style=\"text-align: center;\"><a href=\"https:\/\/stemmacosmetics.gr\/en\/product-brands\/nishane\/\">Nishane<\/a><strong> | Discovery Set X Collection 6x2ml<\/strong><\/p>\n<p data-start=\"0\" data-end=\"166\">Includes a 2 ml vial of each of the following fragrances:<br data-start=\"68\" data-end=\"71\" \/>HACIVAT X - ANI X - HUNDRED SILENT WAYS X - FAN YOUR FLAMES X - W\u016aL\u00d3NG CH\u00c1 X - TUBER\u00d3ZA X<\/p>\n<p data-start=\"168\" data-end=\"405\" data-is-last-node=\"\">Immerse yourself in her soul <strong data-start=\"190\" data-end=\"201\">NISHANE<\/strong>, celebrating the 10th anniversary with the <strong>X Collection<\/strong>\u00a0and experience timeless classic fragrances in a reborn version with innovative touches that embody a rich heritage and a visionary future.<\/p>","protected":false},"excerpt":{"rendered":"<p>Immerse yourself in her soul <strong data-start=\"190\" data-end=\"201\">NISHANE<\/strong>, celebrating the 10th anniversary with the <strong>X Collection<\/strong>\u00a0and experience timeless classic fragrances in a reborn version with innovative touches that embody a rich heritage and a visionary future.<\/p>","protected":false},"featured_media":31952,"template":"","meta":[],"product_brand":[722],"product_cat":[843,114,105],"product_tag":[133],"class_list":{"0":"post-17237","1":"product","2":"type-product","3":"status-publish","4":"has-post-thumbnail","6":"product_brand-nishane","7":"product_cat-gift-sets-travel","8":"product_cat-unisex","9":"product_cat-perfumes","10":"product_tag-nishane","12":"first","13":"instock","14":"taxable","15":"shipping-taxable","16":"purchasable","17":"product-type-simple"},"_links":{"self":[{"href":"https:\/\/stemmacosmetics.gr\/en\/wp-json\/wp\/v2\/product\/17237","targetHints":{"allow":["GET"]}}],"collection":[{"href":"https:\/\/stemmacosmetics.gr\/en\/wp-json\/wp\/v2\/product"}],"about":[{"href":"https:\/\/stemmacosmetics.gr\/en\/wp-json\/wp\/v2\/types\/product"}],"version-history":[{"count":1,"href":"https:\/\/stemmacosmetics.gr\/en\/wp-json\/wp\/v2\/product\/17237\/revisions"}],"predecessor-version":[{"id":31425,"href":"https:\/\/stemmacosmetics.gr\/en\/wp-json\/wp\/v2\/product\/17237\/revisions\/31425"}],"wp:featuredmedia":[{"embeddable":true,"href":"https:\/\/stemmacosmetics.gr\/en\/wp-json\/wp\/v2\/media\/31952"}],"wp:attachment":[{"href":"https:\/\/stemmacosmetics.gr\/en\/wp-json\/wp\/v2\/media?parent=17237"}],"wp:term":[{"taxonomy":"product_brand","embeddable":true,"href":"https:\/\/stemmacosmetics.gr\/en\/wp-json\/wp\/v2\/product_brand?post=17237"},{"taxonomy":"product_cat","embeddable":true,"href":"https:\/\/stemmacosmetics.gr\/en\/wp-json\/wp\/v2\/product_cat?post=17237"},{"taxonomy":"product_tag","embeddable":true,"href":"https:\/\/stemmacosmetics.gr\/en\/wp-json\/wp\/v2\/product_tag?post=17237"}],"curies":[{"name":"wp","href":"https:\/\/api.w.org\/{rel}","templated":true}]}}