{"id":17200,"date":"2025-01-30T11:12:22","date_gmt":"2025-01-30T09:12:22","guid":{"rendered":"https:\/\/stemmacosmetics.gr\/?post_type=product&#038;p=17200"},"modified":"2026-04-06T17:52:45","modified_gmt":"2026-04-06T14:52:45","slug":"nishane-hesperide-colognise","status":"publish","type":"product","link":"https:\/\/stemmacosmetics.gr\/en\/shop\/perfumes\/unisex\/nishane-hesperide-colognise\/","title":{"rendered":"Nishane | Hesperide Colognise"},"content":{"rendered":"<p style=\"text-align: center;\"><strong><a href=\"https:\/\/stemmacosmetics.gr\/en\/product-brands\/nishane\/\">Nishane<\/a> | Hesperide Colognise Extrait de Cologne<\/strong><\/p>\n<p>\u0397 Hesp\u00e9rid\u00e9 Colognis\u00e9 \u03b5\u03af\u03bd\u03b1\u03b9 \u03bc\u03b9\u03b1 \u03b5\u03be\u03b1\u03b9\u03c1\u03b5\u03c4\u03b9\u03ba\u03ae \u03c0\u03c1\u03bf\u03c3\u03b8\u03ae\u03ba\u03b7 \u03c3\u03c4\u03b7 \u03c6\u03b7\u03bc\u03b9\u03c3\u03bc\u03ad\u03bd\u03b7 \u03bc\u03b1\u03c2 \u03c3\u03c5\u03bb\u03bb\u03bf\u03b3\u03ae <strong>&#8220;Extrait de Cologne&#8221;<\/strong>. \u0391\u03c5\u03c4\u03cc \u03c4\u03bf \u03be\u03b5\u03c7\u03c9\u03c1\u03b9\u03c3\u03c4\u03cc \u03ac\u03c1\u03c9\u03bc\u03b1 \u03b1\u03c0\u03bf\u03c4\u03b5\u03bb\u03b5\u03af \u03c6\u03cc\u03c1\u03bf \u03c4\u03b9\u03bc\u03ae\u03c2 \u03c3\u03c4\u03b7\u03bd \u03c0\u03b1\u03c4\u03c1\u03bf\u03c0\u03b1\u03c1\u03ac\u03b4\u03bf\u03c4\u03b7 \u03c4\u03bf\u03c5\u03c1\u03ba\u03b9\u03ba\u03ae \u03c0\u03b1\u03c1\u03ac\u03b4\u03bf\u03c3\u03b7 \u03bd\u03b1 \u03c0\u03c1\u03bf\u03c3\u03c6\u03ad\u03c1\u03bf\u03c5\u03bd \u03bb\u03b5\u03bc\u03bf\u03bd\u03ac\u03c4\u03b7 \u03ba\u03bf\u03bb\u03cc\u03bd\u03b9\u03b1 \u03c3\u03c4\u03bf\u03c5\u03c2 \u03ba\u03b1\u03bb\u03b5\u03c3\u03bc\u03ad\u03bd\u03bf\u03c5\u03c2 \u03c9\u03c2 \u03c3\u03cd\u03bc\u03b2\u03bf\u03bb\u03bf \u03b8\u03b5\u03c1\u03bc\u03ae\u03c2 \u03c6\u03b9\u03bb\u03bf\u03be\u03b5\u03bd\u03af\u03b1\u03c2.<\/p>\n<p>\u03a3\u03c4\u03b7\u03bd \u03ba\u03b1\u03c1\u03b4\u03b9\u03ac \u03b1\u03c5\u03c4\u03ae\u03c2 \u03c4\u03b7\u03c2 \u03b4\u03b7\u03bc\u03b9\u03bf\u03c5\u03c1\u03b3\u03af\u03b1\u03c2 \u03ae\u03c4\u03b1\u03bd \u03b7 \u03b4\u03b7\u03bc\u03b9\u03bf\u03c5\u03c1\u03b3\u03af\u03b1 \u03b5\u03bd\u03cc\u03c2 \u03b1\u03c1\u03ce\u03bc\u03b1\u03c4\u03bf\u03c2 \u03bc\u03b5 \u03b2\u03ac\u03c3\u03b7 \u03c4\u03bf \u03bb\u03ac\u03b9\u03bc, \u03c0\u03bf\u03c5 \u03cc\u03c7\u03b9 \u03bc\u03cc\u03bd\u03bf \u03b1\u03c0\u03bf\u03b4\u03af\u03b4\u03b5\u03b9 \u03c6\u03cc\u03c1\u03bf \u03c4\u03b9\u03bc\u03ae\u03c2 \u03c3\u03c4\u03b7\u03bd \u03b1\u03c1\u03c7\u03b9\u03ba\u03ae \u03c0\u03b1\u03c1\u03ac\u03b4\u03bf\u03c3\u03b7, \u03b1\u03bb\u03bb\u03ac \u03be\u03b5\u03c7\u03c9\u03c1\u03af\u03b6\u03b5\u03b9 \u03c9\u03c2 \u03ad\u03bd\u03b1 \u03b4\u03b9\u03b1\u03ba\u03b5\u03ba\u03c1\u03b9\u03bc\u03ad\u03bd\u03bf \u03ba\u03b1\u03b9 \u03b4\u03b9\u03b1\u03c7\u03c1\u03bf\u03bd\u03b9\u03ba\u03cc \u03ac\u03c1\u03c9\u03bc\u03b1.<\/p>\n<p>\u0393\u03b9\u03b1 \u03bd\u03b1 \u03b5\u03bd\u03b9\u03c3\u03c7\u03cd\u03c3\u03bf\u03c5\u03bc\u03b5 \u03c4\u03b7 \u03b3\u03bf\u03b7\u03c4\u03b5\u03af\u03b1 \u03ba\u03b1\u03b9 \u03c4\u03b7 \u03b4\u03c1\u03bf\u03c3\u03b9\u03ac \u03c4\u03b7\u03c2 Hesp\u00e9rid\u00e9 Colognis\u00e9, \u03c3\u03c5\u03bd\u03b4\u03c5\u03ac\u03c3\u03b1\u03bc\u03b5 \u03b1\u03c1\u03bc\u03bf\u03bd\u03b9\u03ba\u03ac \u03c4\u03b9\u03c2 \u03bd\u03cc\u03c4\u03b5\u03c2 \u03b5\u03c3\u03c0\u03b5\u03c1\u03b9\u03b4\u03bf\u03b5\u03b9\u03b4\u03ce\u03bd \u03bc\u03b5 \u03ad\u03bd\u03c4\u03bf\u03bd\u03bf \u03bc\u03cc\u03c3\u03c7\u03bf \u03ba\u03b1\u03b9 \u03bd\u03c4\u03b5\u03bb\u03b9\u03ba\u03ac\u03c4\u03b5\u03c2 \u03b1\u03bd\u03b8\u03b9\u03c3\u03bc\u03ad\u03bd\u03b5\u03c2 \u03b1\u03c0\u03bf\u03c7\u03c1\u03ce\u03c3\u03b5\u03b9\u03c2. \u03a4\u03bf \u03b1\u03c0\u03bf\u03c4\u03ad\u03bb\u03b5\u03c3\u03bc\u03b1 \u03b5\u03af\u03bd\u03b1\u03b9 \u03bc\u03b9\u03b1 \u03c3\u03c5\u03bc\u03c6\u03c9\u03bd\u03af\u03b1 \u03b1\u03c1\u03c9\u03bc\u03ac\u03c4\u03c9\u03bd \u03c0\u03bf\u03c5 &#8220;\u03c7\u03bf\u03c1\u03b5\u03cd\u03bf\u03c5\u03bd&#8221; \u03c0\u03ac\u03bd\u03c9 \u03c3\u03c4\u03bf \u03b4\u03ad\u03c1\u03bc\u03b1, \u03b1\u03c6\u03ae\u03bd\u03bf\u03bd\u03c4\u03b1\u03c2 \u03bc\u03b9\u03b1 \u03b1\u03bd\u03b5\u03be\u03af\u03c4\u03b7\u03bb\u03b7 \u03b5\u03bd\u03c4\u03cd\u03c0\u03c9\u03c3\u03b7. \u03a4\u03bf \u03b3\u03b9\u03b1\u03c3\u03b5\u03bc\u03af, \u03b7 \u03af\u03c1\u03b9\u03b4\u03b1, \u03bf \u03ba\u03ad\u03b4\u03c1\u03bf\u03c2 \u03ba\u03b1\u03b9 \u03c4\u03bf \u03ba\u03b1\u03c3\u03bc\u03af\u03c1 \u03c3\u03c4\u03b9\u03c2 \u03bc\u03b5\u03c3\u03b1\u03af\u03b5\u03c2 \u03bd\u03cc\u03c4\u03b5\u03c2 \u03b4\u03b7\u03bc\u03b9\u03bf\u03c5\u03c1\u03b3\u03bf\u03cd\u03bd \u03ad\u03bd\u03b1 \u03c0\u03bb\u03bf\u03cd\u03c3\u03b9\u03bf, \u03c0\u03bf\u03bb\u03cd\u03c0\u03bb\u03bf\u03ba\u03bf \u03ac\u03c1\u03c9\u03bc\u03b1, \u03b5\u03bd\u03ce \u03bf\u03b9 \u03b2\u03b1\u03c3\u03b9\u03ba\u03ad\u03c2 \u03bd\u03cc\u03c4\u03b5\u03c2 \u03b1\u03c0\u03cc \u03b3\u03ba\u03c1\u03af\u03b6\u03b1 \u03ac\u03bc\u03b2\u03c1\u03b1, \u03b2\u03c1\u03cd\u03b1, \u03bc\u03cc\u03c3\u03c7\u03bf \u03ba\u03b1\u03b9 \u03b2\u03b5\u03c4\u03b9\u03b2\u03ad\u03c1 \u03c0\u03c1\u03bf\u03c3\u03b8\u03ad\u03c4\u03bf\u03c5\u03bd \u03b2\u03ac\u03b8\u03bf\u03c2 \u03ba\u03b1\u03b9 \u03ba\u03bf\u03bc\u03c8\u03cc\u03c4\u03b7\u03c4\u03b1.<\/p>\n<p>\u039a\u03bf\u03c1\u03c5\u03c6\u03ae: \u03c0\u03b5\u03c1\u03b3\u03b1\u03bc\u03cc\u03bd\u03c4\u03bf \u2013 \u03c0\u03bf\u03c1\u03c4\u03bf\u03ba\u03ac\u03bb\u03b9 \u2013 \u03bb\u03ac\u03b9\u03bc<\/p>\n<p>\u039a\u03b1\u03c1\u03b4\u03af\u03b1: \u03b3\u03b9\u03b1\u03c3\u03b5\u03bc\u03af \u2013 \u03af\u03c1\u03b9\u03b4\u03b1 \u2013 \u03ba\u03ad\u03b4\u03c1\u03bf \u2013 \u03ba\u03b1\u03c3\u03bc\u03af\u03c1<\/p>\n<p>\u0392\u03ac\u03c3\u03b7: \u03b3\u03ba\u03c1\u03af\u03b6\u03b1 \u03ac\u03bc\u03b2\u03c1\u03b1 \u2013 \u03b2\u03c1\u03cd\u03b1 \u2013 \u03bc\u03cc\u03c3\u03c7\u03bf\u03c2 \u2013 \u03b2\u03b5\u03c4\u03b9\u03b2\u03ad\u03c1<\/p>","protected":false},"excerpt":{"rendered":"<p>\u039c\u03b9\u03b1 \u03c9\u03b4\u03ae \u03c3\u03c4\u03b7 \u03c6\u03b9\u03bb\u03bf\u03be\u03b5\u03bd\u03af\u03b1, \u03bc\u03b5 \u03b4\u03c1\u03bf\u03c3\u03b5\u03c1\u03ae \u03ba\u03b1\u03b9 \u03ba\u03bf\u03bc\u03c8\u03ae \u03b1\u03af\u03c3\u03b8\u03b7\u03c3\u03b7 \u03c0\u03bf\u03c5 \u03b1\u03b9\u03c7\u03bc\u03b1\u03bb\u03c9\u03c4\u03af\u03b6\u03b5\u03b9 \u03c4\u03b7\u03bd \u03c0\u03b1\u03c1\u03ac\u03b4\u03bf\u03c3\u03b7 \u03ba\u03b1\u03b9 \u03c4\u03b7 \u03b4\u03b9\u03b1\u03c7\u03c1\u03bf\u03bd\u03b9\u03ba\u03ae \u03c0\u03bf\u03bb\u03c5\u03c4\u03ad\u03bb\u03b5\u03b9\u03b1.<\/p>","protected":false},"featured_media":31368,"template":"","meta":[],"product_brand":[722],"product_cat":[114,105],"product_tag":[133],"class_list":{"0":"post-17200","1":"product","2":"type-product","3":"status-publish","4":"has-post-thumbnail","6":"product_brand-nishane","7":"product_cat-unisex","8":"product_cat-perfumes","9":"product_tag-nishane","11":"first","12":"instock","13":"taxable","14":"shipping-taxable","15":"purchasable","16":"product-type-simple"},"_links":{"self":[{"href":"https:\/\/stemmacosmetics.gr\/en\/wp-json\/wp\/v2\/product\/17200","targetHints":{"allow":["GET"]}}],"collection":[{"href":"https:\/\/stemmacosmetics.gr\/en\/wp-json\/wp\/v2\/product"}],"about":[{"href":"https:\/\/stemmacosmetics.gr\/en\/wp-json\/wp\/v2\/types\/product"}],"version-history":[{"count":1,"href":"https:\/\/stemmacosmetics.gr\/en\/wp-json\/wp\/v2\/product\/17200\/revisions"}],"predecessor-version":[{"id":31369,"href":"https:\/\/stemmacosmetics.gr\/en\/wp-json\/wp\/v2\/product\/17200\/revisions\/31369"}],"wp:featuredmedia":[{"embeddable":true,"href":"https:\/\/stemmacosmetics.gr\/en\/wp-json\/wp\/v2\/media\/31368"}],"wp:attachment":[{"href":"https:\/\/stemmacosmetics.gr\/en\/wp-json\/wp\/v2\/media?parent=17200"}],"wp:term":[{"taxonomy":"product_brand","embeddable":true,"href":"https:\/\/stemmacosmetics.gr\/en\/wp-json\/wp\/v2\/product_brand?post=17200"},{"taxonomy":"product_cat","embeddable":true,"href":"https:\/\/stemmacosmetics.gr\/en\/wp-json\/wp\/v2\/product_cat?post=17200"},{"taxonomy":"product_tag","embeddable":true,"href":"https:\/\/stemmacosmetics.gr\/en\/wp-json\/wp\/v2\/product_tag?post=17200"}],"curies":[{"name":"wp","href":"https:\/\/api.w.org\/{rel}","templated":true}]}}