{"id":17196,"date":"2025-01-27T13:38:32","date_gmt":"2025-01-27T11:38:32","guid":{"rendered":"https:\/\/stemmacosmetics.gr\/?post_type=product&#038;p=17196"},"modified":"2026-04-06T17:54:56","modified_gmt":"2026-04-06T14:54:56","slug":"nishane-wulong-cha-x-travel-15ml","status":"publish","type":"product","link":"https:\/\/stemmacosmetics.gr\/en\/shop\/perfumes\/unisex\/nishane-wulong-cha-x-travel-15ml\/","title":{"rendered":"Nishane | Wulong Cha X Travel"},"content":{"rendered":"<p style=\"text-align: center;\"><strong><a href=\"https:\/\/stemmacosmetics.gr\/en\/product-brands\/nishane\/\">Nishane<\/a> | Wulong Cha X Travel 15ml<\/strong><\/p>\n<p>W\u016aL\u00d3NG CH\u00c1 , released in 2015 in NISHANE's first global collection, has gained a large international following thanks to the journey it takes the wearer on, transporting them to the tranquil tea gardens of the Far East, where the subtle notes of oolong tea leaves and Mediterranean figs fill the air. The original W\u016aL\u00d3NG CH\u00c1 was especially beloved for its powerful refreshing sensation. However, W\u016aL\u00d3NG CH\u00c1 X is designed to reduce the intense citrus opening of the original formula and enhance it with the addition of floral notes, especially magnolia. This fragrance opens with an explosion of vibrant citrus like bergamot, orange, mandarin and yuzu, transporting the wearer to the sunny shores of the Mediterranean. As the fragrance evolves , heart notes such as magnolia, thyme oil and green tea create an enchanting atmosphere around you, evoking the tranquil ambience of a tea afternoon. Finally, base notes, such as musk and fig, provide a warm finishing touch to this fragrance that will keep the wearer fresh and refreshed throughout the day.<\/p>\n<p>W\u016aL\u00d3NG CH\u00c1 X is the ideal choice for those looking for a refreshing and renewing fragrance that can be worn all year round.<\/p>\n<p>Top: Bergamot - Yuzu - Litchi - Mandarin<\/p>\n<p>Heart: Magnolia - Thyme Oil - Green Tea<\/p>\n<p>Database<strong>: <\/strong>Musk - Fig Tree<\/p>","protected":false},"excerpt":{"rendered":"<div class=\"flex max-w-full flex-col flex-grow\">\n<div class=\"min-h-8 text-message flex w-full flex-col items-end gap-2 whitespace-normal break-words text-start [.text-message+&amp;]:mt-5\" dir=\"auto\" data-message-author-role=\"assistant\" data-message-id=\"5a987bf1-7880-4724-afca-e749af64318b\" data-message-model-slug=\"gpt-4o-mini\">\n<div class=\"flex w-full flex-col gap-1 empty:hidden first:pt-[3px]\">\n<div class=\"markdown prose w-full break-words dark:prose-invert light\">\n<p>\u0395\u03af\u03bd\u03b1\u03b9 \u03c4\u03bf \u03b1\u03c0\u03cc\u03bb\u03c5\u03c4\u03bf \u03ac\u03c1\u03c9\u03bc\u03b1 \u03b3\u03b9\u03b1 \u03cc\u03c3\u03bf\u03c5\u03c2 \u03b5\u03c0\u03b9\u03b8\u03c5\u03bc\u03bf\u03cd\u03bd \u03bc\u03b9\u03b1 \u03b1\u03bd\u03b1\u03b6\u03c9\u03bf\u03b3\u03bf\u03bd\u03b7\u03c4\u03b9\u03ba\u03ae \u03ba\u03b1\u03b9 \u03ae\u03c1\u03b5\u03bc\u03b7 \u03b5\u03bc\u03c0\u03b5\u03b9\u03c1\u03af\u03b1, \u03bc\u03b5 \u03bd\u03cc\u03c4\u03b5\u03c2 \u03c6\u03c1\u03b5\u03c3\u03ba\u03ac\u03b4\u03b1\u03c2 \u03b1\u03c0\u03cc \u03b5\u03c3\u03c0\u03b5\u03c1\u03b9\u03b4\u03bf\u03b5\u03b9\u03b4\u03ae \u03ba\u03b1\u03b9 \u03b3\u03bb\u03c5\u03ba\u03b9\u03ac, \u03bb\u03bf\u03c5\u03bb\u03bf\u03c5\u03b4\u03ad\u03bd\u03b9\u03b1 \u03ba\u03b1\u03c1\u03b4\u03b9\u03ac, \u03b9\u03b4\u03b1\u03bd\u03b9\u03ba\u03cc \u03b3\u03b9\u03b1 \u03ba\u03b1\u03b8\u03b7\u03bc\u03b5\u03c1\u03b9\u03bd\u03ae \u03c7\u03c1\u03ae\u03c3\u03b7 \u03cc\u03bb\u03bf \u03c4\u03bf \u03c7\u03c1\u03cc\u03bd\u03bf.<\/p>\n<\/div>\n<\/div>\n<\/div>\n<\/div>\n<div class=\"mb-2 flex gap-3 empty:hidden -ml-2\">\n<div class=\"items-center justify-start rounded-xl p-1 flex\">\n<div class=\"flex items-center\">\n<div class=\"flex items-center pb-0\"><\/div>\n<\/div>\n<\/div>\n<\/div>\n","protected":false},"featured_media":31360,"template":"","meta":[],"product_brand":[722],"product_cat":[843,114,105],"product_tag":[786,783,133],"class_list":{"0":"post-17196","1":"product","2":"type-product","3":"status-publish","4":"has-post-thumbnail","6":"product_brand-nishane","7":"product_cat-gift-sets-travel","8":"product_cat-unisex","9":"product_cat-perfumes","10":"product_tag-green","11":"product_tag-musky","12":"product_tag-nishane","14":"first","15":"instock","16":"taxable","17":"shipping-taxable","18":"purchasable","19":"product-type-simple"},"_links":{"self":[{"href":"https:\/\/stemmacosmetics.gr\/en\/wp-json\/wp\/v2\/product\/17196","targetHints":{"allow":["GET"]}}],"collection":[{"href":"https:\/\/stemmacosmetics.gr\/en\/wp-json\/wp\/v2\/product"}],"about":[{"href":"https:\/\/stemmacosmetics.gr\/en\/wp-json\/wp\/v2\/types\/product"}],"version-history":[{"count":1,"href":"https:\/\/stemmacosmetics.gr\/en\/wp-json\/wp\/v2\/product\/17196\/revisions"}],"predecessor-version":[{"id":31361,"href":"https:\/\/stemmacosmetics.gr\/en\/wp-json\/wp\/v2\/product\/17196\/revisions\/31361"}],"wp:featuredmedia":[{"embeddable":true,"href":"https:\/\/stemmacosmetics.gr\/en\/wp-json\/wp\/v2\/media\/31360"}],"wp:attachment":[{"href":"https:\/\/stemmacosmetics.gr\/en\/wp-json\/wp\/v2\/media?parent=17196"}],"wp:term":[{"taxonomy":"product_brand","embeddable":true,"href":"https:\/\/stemmacosmetics.gr\/en\/wp-json\/wp\/v2\/product_brand?post=17196"},{"taxonomy":"product_cat","embeddable":true,"href":"https:\/\/stemmacosmetics.gr\/en\/wp-json\/wp\/v2\/product_cat?post=17196"},{"taxonomy":"product_tag","embeddable":true,"href":"https:\/\/stemmacosmetics.gr\/en\/wp-json\/wp\/v2\/product_tag?post=17196"}],"curies":[{"name":"wp","href":"https:\/\/api.w.org\/{rel}","templated":true}]}}