{"id":14175,"date":"2024-12-12T15:08:27","date_gmt":"2024-12-12T13:08:27","guid":{"rendered":"http:\/\/stemmacosmetics.local\/?post_type=product&#038;p=14175"},"modified":"2026-04-06T17:02:33","modified_gmt":"2026-04-06T14:02:33","slug":"mizensir-lovely-alba","status":"publish","type":"product","link":"https:\/\/stemmacosmetics.gr\/en\/shop\/perfumes\/unisex\/mizensir-lovely-alba\/","title":{"rendered":"Mizensir | Lovely Alba"},"content":{"rendered":"<p style=\"text-align: center;\"><strong><a href=\"https:\/\/stemmacosmetics.gr\/en\/product-brands\/mizensir\/\">Mizensir<\/a> | Lovely Alba <\/strong><strong>Eau de Parfum 100ml<\/strong><\/p>\n<p style=\"text-align: left;\">To understand the genesis of this fragrance, we must consider the name chosen at the beginning of its creation: \u201cEn esp\u00e9rant b\u00e9b\u00e9\u201d. In this name, the anticipation before becoming a grandfather is expressed. The girl who will soon become a mother and the baby that will come. The time of creation is long. Day after day, the great perfumer combines notes and chords to find the perfect balance. We find the lightness and innocence of a fragrance for young children, the intensity and persistence of a fragrance for adults.<\/p>\n<p style=\"text-align: left;\">Mizensir Lovely Alba opens revealing the grace and delicacy of neroli. Based on orange blossom and the transparency and freshness of paradisone. The concrete iris offers the elegance of the powder, the benzoin and vanilla the sensuality. A fragrance that has not fully left childhood behind, but is already looking towards the future.<\/p>\n<p style=\"text-align: left;\">\u00abMizensir has been a family story since its inception. You will always do the right thing when you create with and for those you love. So I couldn't see my work any other way. Each creation brings out different emotions that I experience with my loved ones. Lovely Alba is a tribute to my two dearest people , my daughter and my granddaughter. A tender moment that reveals a timeless and mutual love.\u00bb - Alberto Morillas<\/p>\n<p>Top: Bergamot oil, Paradisone\u00ae, Neroli oil<br \/>\nHeart: orange blossom Absolute, iris Concrete<br \/>\nBase: Absolute benzoin, , Absolute vanilla<\/p>","protected":false},"excerpt":{"rendered":"<p>A fragrance that has not fully left childhood, but is already looking towards the future.<\/p>","protected":false},"featured_media":31130,"template":"","meta":[],"product_brand":[716],"product_cat":[114,105,839],"product_tag":[144],"class_list":{"0":"post-14175","1":"product","2":"type-product","3":"status-publish","4":"has-post-thumbnail","6":"product_brand-mizensir","7":"product_cat-unisex","8":"product_cat-perfumes","9":"product_cat-839","10":"product_tag-mizensir","12":"first","13":"instock","14":"taxable","15":"shipping-taxable","16":"purchasable","17":"product-type-simple"},"_links":{"self":[{"href":"https:\/\/stemmacosmetics.gr\/en\/wp-json\/wp\/v2\/product\/14175","targetHints":{"allow":["GET"]}}],"collection":[{"href":"https:\/\/stemmacosmetics.gr\/en\/wp-json\/wp\/v2\/product"}],"about":[{"href":"https:\/\/stemmacosmetics.gr\/en\/wp-json\/wp\/v2\/types\/product"}],"version-history":[{"count":1,"href":"https:\/\/stemmacosmetics.gr\/en\/wp-json\/wp\/v2\/product\/14175\/revisions"}],"predecessor-version":[{"id":31131,"href":"https:\/\/stemmacosmetics.gr\/en\/wp-json\/wp\/v2\/product\/14175\/revisions\/31131"}],"wp:featuredmedia":[{"embeddable":true,"href":"https:\/\/stemmacosmetics.gr\/en\/wp-json\/wp\/v2\/media\/31130"}],"wp:attachment":[{"href":"https:\/\/stemmacosmetics.gr\/en\/wp-json\/wp\/v2\/media?parent=14175"}],"wp:term":[{"taxonomy":"product_brand","embeddable":true,"href":"https:\/\/stemmacosmetics.gr\/en\/wp-json\/wp\/v2\/product_brand?post=14175"},{"taxonomy":"product_cat","embeddable":true,"href":"https:\/\/stemmacosmetics.gr\/en\/wp-json\/wp\/v2\/product_cat?post=14175"},{"taxonomy":"product_tag","embeddable":true,"href":"https:\/\/stemmacosmetics.gr\/en\/wp-json\/wp\/v2\/product_tag?post=14175"}],"curies":[{"name":"wp","href":"https:\/\/api.w.org\/{rel}","templated":true}]}}