{"id":11972,"date":"2022-03-08T20:32:55","date_gmt":"2022-03-08T18:32:55","guid":{"rendered":"http:\/\/stemmacosmetics.local\/?post_type=product&#038;p=11972"},"modified":"2026-04-06T16:13:55","modified_gmt":"2026-04-06T13:13:55","slug":"lobjet-eau-degee-no-3-candle","status":"publish","type":"product","link":"https:\/\/stemmacosmetics.gr\/en\/shop\/home-products\/candles\/lobjet-eau-degee-no-3-candle\/","title":{"rendered":"L&#8217;Objet | Eau d&#8217;\u00c9g\u00e9e No.3 Candle"},"content":{"rendered":"<p>L'Objet-Eau d'\u00c9g\u00e9e No.3 Candle<\/p>\n<p>Paraffin wax with 100% natural oils and essences combining notes of fig and bay leaves, sage, white pepper, patchouli, cedar, lavender, oak wood and musk. The lid acts as a copper coaster and once the wax is burned, the porcelain vessel becomes a beautiful container with decorative use.<\/p>\n<p>Maintenance:<br \/>\nAll L'OBJET collections are made with excellent materials and with proper use and care, they will last for generations. Dust with a soft cloth. If necessary, hand wash with a mild dish soap without lemon and dry with a soft cloth.<\/p>","protected":false},"excerpt":{"rendered":"<p>L&#8217;Objet-Eau d&#8217;\u00c9g\u00e9e No.3 Candle \u039a\u03b5\u03c1\u03af \u03c0\u03b1\u03c1\u03b1\u03c6\u03af\u03bd\u03b7\u03c2 \u03bc\u03b5 100% \u03c6\u03c5\u03c3\u03b9\u03ba\u03ac \u03ad\u03bb\u03b1\u03b9\u03b1 \u03ba\u03b1\u03b9 \u03b1\u03c0\u03bf\u03c3\u03c4\u03ac\u03b3\u03bc\u03b1\u03c4\u03b1 \u03c0\u03bf\u03c5 \u03c3\u03c5\u03bd\u03b4\u03c5\u03ac\u03b6\u03bf\u03c5\u03bd \u03bd\u03cc\u03c4\u03b5\u03c2 \u03b1\u03c0\u03cc \u03c6\u03cd\u03bb\u03bb\u03b1 \u03c3\u03cd\u03ba\u03bf\u03c5 \u03ba\u03b1\u03b9 \u03b4\u03ac\u03c6\u03bd\u03b7\u03c2,<\/p>","protected":false},"featured_media":30722,"template":"","meta":[],"product_brand":[728],"product_cat":[106],"product_tag":[129],"class_list":{"0":"post-11972","1":"product","2":"type-product","3":"status-publish","4":"has-post-thumbnail","6":"product_brand-lobjet","7":"product_cat-candles","8":"product_tag-lobjet","10":"first","11":"instock","12":"taxable","13":"shipping-taxable","14":"purchasable","15":"product-type-simple"},"_links":{"self":[{"href":"https:\/\/stemmacosmetics.gr\/en\/wp-json\/wp\/v2\/product\/11972","targetHints":{"allow":["GET"]}}],"collection":[{"href":"https:\/\/stemmacosmetics.gr\/en\/wp-json\/wp\/v2\/product"}],"about":[{"href":"https:\/\/stemmacosmetics.gr\/en\/wp-json\/wp\/v2\/types\/product"}],"version-history":[{"count":2,"href":"https:\/\/stemmacosmetics.gr\/en\/wp-json\/wp\/v2\/product\/11972\/revisions"}],"predecessor-version":[{"id":32915,"href":"https:\/\/stemmacosmetics.gr\/en\/wp-json\/wp\/v2\/product\/11972\/revisions\/32915"}],"wp:featuredmedia":[{"embeddable":true,"href":"https:\/\/stemmacosmetics.gr\/en\/wp-json\/wp\/v2\/media\/30722"}],"wp:attachment":[{"href":"https:\/\/stemmacosmetics.gr\/en\/wp-json\/wp\/v2\/media?parent=11972"}],"wp:term":[{"taxonomy":"product_brand","embeddable":true,"href":"https:\/\/stemmacosmetics.gr\/en\/wp-json\/wp\/v2\/product_brand?post=11972"},{"taxonomy":"product_cat","embeddable":true,"href":"https:\/\/stemmacosmetics.gr\/en\/wp-json\/wp\/v2\/product_cat?post=11972"},{"taxonomy":"product_tag","embeddable":true,"href":"https:\/\/stemmacosmetics.gr\/en\/wp-json\/wp\/v2\/product_tag?post=11972"}],"curies":[{"name":"wp","href":"https:\/\/api.w.org\/{rel}","templated":true}]}}